{"id":381,"date":"2021-12-09T11:45:54","date_gmt":"2021-12-09T11:45:54","guid":{"rendered":"https:\/\/demosites.royal-elementor-addons.com\/drone-v1\/?page_id=381"},"modified":"2024-10-24T21:02:09","modified_gmt":"2024-10-24T21:02:09","slug":"contact","status":"publish","type":"page","link":"https:\/\/bionicsinnovations.com\/index.php\/contact\/","title":{"rendered":"Cont\u00e1ctanos"},"content":{"rendered":"\t\t<div data-elementor-type=\"wp-page\" data-elementor-id=\"381\" class=\"elementor elementor-381\">\n\t\t\t\t\t\t<section class=\"elementor-section elementor-top-section elementor-element elementor-element-42be8bc2 elementor-section-height-min-height elementor-section-boxed elementor-section-height-default elementor-section-items-middle wpr-particle-no wpr-jarallax-no wpr-parallax-no wpr-sticky-section-no wpr-equal-height-no\" data-id=\"42be8bc2\" data-element_type=\"section\" data-e-type=\"section\" data-settings=\"{&quot;background_background&quot;:&quot;classic&quot;}\">\n\t\t\t\t\t\t\t<div class=\"elementor-background-overlay\"><\/div>\n\t\t\t\t\t\t\t<div class=\"elementor-container elementor-column-gap-default\">\n\t\t\t\t\t<div class=\"elementor-column elementor-col-100 elementor-top-column elementor-element elementor-element-5c66c0fd\" data-id=\"5c66c0fd\" data-element_type=\"column\" data-e-type=\"column\">\n\t\t\t<div class=\"elementor-widget-wrap elementor-element-populated\">\n\t\t\t\t\t\t<div class=\"elementor-element elementor-element-5cc58a04 elementor-widget elementor-widget-heading\" data-id=\"5cc58a04\" data-element_type=\"widget\" data-e-type=\"widget\" data-widget_type=\"heading.default\">\n\t\t\t\t<div class=\"elementor-widget-container\">\n\t\t\t\t\t<h2 class=\"elementor-heading-title elementor-size-default\">Cont\u00e1ctanos<\/h2>\t\t\t\t<\/div>\n\t\t\t\t<\/div>\n\t\t\t\t\t<\/div>\n\t\t<\/div>\n\t\t\t\t\t<\/div>\n\t\t<\/section>\n\t\t\t\t<section class=\"elementor-section elementor-top-section elementor-element elementor-element-3bbbf8e5 elementor-section-boxed elementor-section-height-default elementor-section-height-default wpr-particle-no wpr-jarallax-no wpr-parallax-no wpr-sticky-section-no wpr-equal-height-no\" data-id=\"3bbbf8e5\" data-element_type=\"section\" data-e-type=\"section\">\n\t\t\t\t\t\t<div class=\"elementor-container elementor-column-gap-default\">\n\t\t\t\t\t<div class=\"elementor-column elementor-col-100 elementor-top-column elementor-element elementor-element-1a34c505\" data-id=\"1a34c505\" data-element_type=\"column\" data-e-type=\"column\">\n\t\t\t<div class=\"elementor-widget-wrap elementor-element-populated\">\n\t\t\t\t\t\t<div class=\"elementor-element elementor-element-5028715e elementor-widget elementor-widget-heading\" data-id=\"5028715e\" data-element_type=\"widget\" data-e-type=\"widget\" data-widget_type=\"heading.default\">\n\t\t\t\t<div class=\"elementor-widget-container\">\n\t\t\t\t\t<h2 class=\"elementor-heading-title elementor-size-default\">Entra en Contacto con Nosotros!<\/h2>\t\t\t\t<\/div>\n\t\t\t\t<\/div>\n\t\t\t\t<div class=\"elementor-element elementor-element-35db5595 elementor-widget elementor-widget-text-editor\" data-id=\"35db5595\" data-element_type=\"widget\" data-e-type=\"widget\" data-widget_type=\"text-editor.default\">\n\t\t\t\t<div class=\"elementor-widget-container\">\n\t\t\t\t\t\t\t\t\t<p>En un mercado tan competitivo como el de la salud, destacarse no es una opci\u00f3n, sino una necesidad. En nuestra empresa, somos especialistas en la creaci\u00f3n y desarrollo de marcas en el \u00e1rea m\u00e9dica, ayudando a nuestros clientes a mejorar su posicionamiento digital y atraer a m\u00e1s pacientes. Trabajamos con las \u00faltimas herramientas tecnol\u00f3gicas para automatizar agendas y procesos, permiti\u00e9ndote dedicar m\u00e1s tiempo a lo que realmente importa: tus pacientes.<\/p><p>Adem\u00e1s, utilizamos inteligencia artificial para optimizar la atenci\u00f3n al cliente, logrando respuestas m\u00e1s r\u00e1pidas y personalizadas, lo que mejora la experiencia de tus pacientes y potencia las ventas de tus servicios. Si buscas no solo estar en el mercado, sino dominarlo con una estrategia digital efectiva y automatizada.<\/p><p>somos el socio estrat\u00e9gico que necesitas.<\/p>\t\t\t\t\t\t\t\t<\/div>\n\t\t\t\t<\/div>\n\t\t\t\t\t<\/div>\n\t\t<\/div>\n\t\t\t\t\t<\/div>\n\t\t<\/section>\n\t\t\t\t<section class=\"elementor-section elementor-top-section elementor-element elementor-element-2e1e1d2c0 elementor-section-boxed elementor-section-height-default elementor-section-height-default wpr-particle-no wpr-jarallax-no wpr-parallax-no wpr-sticky-section-no wpr-equal-height-no\" data-id=\"2e1e1d2c0\" data-element_type=\"section\" data-e-type=\"section\">\n\t\t\t\t\t\t\t<div class=\"elementor-background-overlay\"><\/div>\n\t\t\t\t\t\t\t<div class=\"elementor-container elementor-column-gap-default\">\n\t\t\t\t\t<div class=\"elementor-column elementor-col-100 elementor-top-column elementor-element elementor-element-51852075\" data-id=\"51852075\" data-element_type=\"column\" data-e-type=\"column\" data-settings=\"{&quot;background_background&quot;:&quot;gradient&quot;}\">\n\t\t\t<div class=\"elementor-widget-wrap elementor-element-populated\">\n\t\t\t\t\t<div class=\"elementor-background-overlay\"><\/div>\n\t\t\t\t\t\t<section class=\"elementor-section elementor-inner-section elementor-element elementor-element-2927c9f0 elementor-section-boxed elementor-section-height-default elementor-section-height-default wpr-particle-no wpr-jarallax-no wpr-parallax-no wpr-sticky-section-no wpr-equal-height-no\" data-id=\"2927c9f0\" data-element_type=\"section\" data-e-type=\"section\">\n\t\t\t\t\t\t<div class=\"elementor-container elementor-column-gap-default\">\n\t\t\t\t\t<div class=\"elementor-column elementor-col-100 elementor-inner-column elementor-element elementor-element-5119e47\" data-id=\"5119e47\" data-element_type=\"column\" data-e-type=\"column\">\n\t\t\t<div class=\"elementor-widget-wrap elementor-element-populated\">\n\t\t\t\t\t\t<div class=\"elementor-element elementor-element-50eab907 wpr-mailchimp-layout-hr elementor-widget elementor-widget-wpr-mailchimp\" data-id=\"50eab907\" data-element_type=\"widget\" data-e-type=\"widget\" data-widget_type=\"wpr-mailchimp.default\">\n\t\t\t\t<div class=\"elementor-widget-container\">\n\t\t\t\t\t\n\t\t<form class=\"wpr-mailchimp-form\" id=\"wpr-mailchimp-form-50eab907\" method=\"POST\" data-list-id=\"def\" data-clear-fields=\"\">\n\t\t\t<!-- Form Header -->\n\t\t\t\t\t\t<div class=\"wpr-mailchimp-header\">\n\t\t\t\t\t\t\t\t<h3>\n\t\t\t\t\t<i class=\"far fa-envelope\"><\/i>Trasciende El Potencial De Tu Marca \t\t\t\t<\/h3>\n\t\t\t\t<p>Explora Nuevas Percepciones de Tu Identidad, Cont\u00e1ctanos y trabajemos Juntos <\/p>\n\t\t\t<\/div>\n\t\t\t\n\t\t\t<div class=\"wpr-mailchimp-fields\">\n\t\t\t\t<!-- Email Input -->\n\t\t\t\t<div class=\"wpr-mailchimp-email\">\n\t\t\t\t\t\t\t\t\t\t<input type=\"email\" name=\"wpr_mailchimp_email\" placeholder=\"info@mail.com\" required=\"required\">\n\t\t\t\t<\/div>\n\n\t\t\t\t<!-- Extra Fields -->\n\t\t\t\t\n\t\t\t\t<!-- Subscribe Button -->\n\t\t\t\t<div class=\"wpr-mailchimp-subscribe\">\n\t\t\t\t\t<button type=\"submit\" id=\"wpr-subscribe-50eab907\" class=\"wpr-mailchimp-subscribe-btn\" data-loading=\"Subscribing...\">\n\t\t\t\t  \t\tSuscr\u00edbete\t\t\t\t\t<\/button>\n\t\t\t\t<\/div>\n\t\t\t<\/div>\n\n\t\t\t<!-- Success\/Error Message -->\n\t\t\t<div class=\"wpr-mailchimp-message\">\n\t\t\t\t<span class=\"wpr-mailchimp-success-message\">You have been successfully Subscribed!<\/span>\n\t\t\t\t<span class=\"wpr-mailchimp-error-message\">Ops! Something went wrong, please try again.<\/span>\n\t\t\t<\/div>\n\t\t<\/form>\n\n\t\t\t\t\t\t<\/div>\n\t\t\t\t<\/div>\n\t\t\t\t\t<\/div>\n\t\t<\/div>\n\t\t\t\t\t<\/div>\n\t\t<\/section>\n\t\t\t\t\t<\/div>\n\t\t<\/div>\n\t\t\t\t\t<\/div>\n\t\t<\/section>\n\t\t\t\t<section class=\"elementor-section elementor-top-section elementor-element elementor-element-2f759bf10 elementor-section-boxed elementor-section-height-default elementor-section-height-default wpr-particle-no wpr-jarallax-no wpr-parallax-no wpr-sticky-section-no wpr-equal-height-no\" data-id=\"2f759bf10\" data-element_type=\"section\" data-e-type=\"section\" data-settings=\"{&quot;background_background&quot;:&quot;gradient&quot;}\">\n\t\t\t\t\t\t<div class=\"elementor-container elementor-column-gap-default\">\n\t\t\t\t\t<div class=\"elementor-column elementor-col-100 elementor-top-column elementor-element elementor-element-2dcbda41\" data-id=\"2dcbda41\" data-element_type=\"column\" data-e-type=\"column\" data-settings=\"{&quot;background_background&quot;:&quot;classic&quot;}\">\n\t\t\t<div class=\"elementor-widget-wrap elementor-element-populated\">\n\t\t\t\t\t\t<div class=\"elementor-element elementor-element-5b36c34b elementor-widget elementor-widget-heading\" data-id=\"5b36c34b\" data-element_type=\"widget\" data-e-type=\"widget\" data-widget_type=\"heading.default\">\n\t\t\t\t<div class=\"elementor-widget-container\">\n\t\t\t\t\t<h2 class=\"elementor-heading-title elementor-size-default\">Datos de Contacto<\/h2>\t\t\t\t<\/div>\n\t\t\t\t<\/div>\n\t\t\t\t<div class=\"elementor-element elementor-element-68847386 wpr-step-type-number_text wpr-step-content-layout-vertical wpr-custom-styles-yes elementor-widget elementor-widget-wpr-form-builder\" data-id=\"68847386\" data-element_type=\"widget\" data-e-type=\"widget\" data-settings=\"{&quot;success_message&quot;:&quot;Submission successful&quot;,&quot;error_message&quot;:&quot;Submission failed&quot;,&quot;button_width&quot;:{&quot;unit&quot;:&quot;%&quot;,&quot;size&quot;:45,&quot;sizes&quot;:[]},&quot;button_width_laptop&quot;:{&quot;unit&quot;:&quot;px&quot;,&quot;size&quot;:&quot;&quot;,&quot;sizes&quot;:[]},&quot;button_width_tablet&quot;:{&quot;unit&quot;:&quot;px&quot;,&quot;size&quot;:&quot;&quot;,&quot;sizes&quot;:[]},&quot;button_width_mobile&quot;:{&quot;unit&quot;:&quot;px&quot;,&quot;size&quot;:&quot;&quot;,&quot;sizes&quot;:[]},&quot;step_type&quot;:&quot;number_text&quot;,&quot;step_content_layout&quot;:&quot;vertical&quot;}\" data-widget_type=\"wpr-form-builder.default\">\n\t\t\t\t<div class=\"elementor-widget-container\">\n\t\t\t\t\t\t\t<form class=\"wpr-form\" method=\"post\" name=\"New Form\" page=\"Cont\u00e1ctanos\" page_id=\"381\" novalidate>\n\t\t\t<input type=\"hidden\" name=\"post_id\" value=\"381\"\/>\n\t\t\t<input type=\"hidden\" name=\"form_id\" value=\"68847386\"\/>\n\t\t\t<input type=\"hidden\" name=\"referer_title\" value=\"\" \/>\n\n\t\t\t<div class=\"wpr-step-wrap\"><span class=\"wpr-step\"><span class=\"wpr-step-content\"><span class=\"wpr-step-number\">1<\/span><\/span><span class=\"wpr-step-label\"><span class=\"wpr-step-main-label\"><\/span><span class=\"wpr-step-sub-label\"><\/span><\/span><\/span><span class=\"wpr-step-sep\"><\/span><span class=\"wpr-step\"><span class=\"wpr-step-content\"><span class=\"wpr-step-number\">2<\/span><\/span><span class=\"wpr-step-label\"><span class=\"wpr-step-main-label\"><\/span><span class=\"wpr-step-sub-label\"><\/span><\/span><\/span><span class=\"wpr-step-sep\"><\/span><\/div>\n\t\t\t<div class=\"wpr-form-fields-wrap wpr-labels-above\">\n\t\t\t\t<div class=\"wpr-step-tab wpr-step-tab-hidden\">\t\t\t\t\t<div class=\"wpr-form-field-type-step wpr-field-group wpr-column wpr-field-group-a5514ca elementor-repeater-item-a5514ca\">\n\t\t\t\t\t\t<input type=\"hidden\" class=\"wpr-step-input\" id=form-field-a5514ca value=>\t\t\t\t\t<\/div>\n\t\t\t\t\t\t\t\t\t<div class=\"wpr-form-field-type-text wpr-field-group wpr-column wpr-field-group-name elementor-repeater-item-e6cdf22\">\n\t\t\t\t\t\t\t\t\t\t\t\t\t\t<label for=\"form-field-name\" class=\"wpr-form-field-label\" data-alt-label=\"Nombre\">\n\t\t\t\t\t\t\t\t\tNombre\t\t\t\t\t\t\t\t<\/label>\n\t\t\t\t\t\t\t<input size=\"1 \"type=\"text\" name=\"form_fields[name]\" id=\"form-field-name\" class=\"wpr-form-field  wpr-form-field-textual\" placeholder=\"John Adams\">\t\t\t\t\t<\/div>\n\t\t\t\t\t\t\t\t\t<div class=\"wpr-form-field-type-email wpr-field-group wpr-column wpr-field-group-email elementor-repeater-item-215d8d0\">\n\t\t\t\t\t\t\t\t\t\t\t\t\t\t<label for=\"form-field-email\" class=\"wpr-form-field-label\" data-alt-label=\"Email\">\n\t\t\t\t\t\t\t\t\tEmail\t\t\t\t\t\t\t\t<\/label>\n\t\t\t\t\t\t\t<input size=\"1 \"type=\"email\" name=\"form_fields[email]\" id=\"form-field-email\" class=\"wpr-form-field  wpr-form-field-textual\" placeholder=\"john@mycompany.com\">\t\t\t\t\t<\/div>\n\t\t\t\t<div class=\"wpr-stp-btns-wrap\"><button type=\"button\" class=\"wpr-step-prev\">antes<\/button><button type=\"button\" class=\"wpr-step-next\">siguiente<\/button><\/div><\/div><div class=\"wpr-step-tab wpr-step-tab-hidden\">\t\t\t\t\t<div class=\"wpr-form-field-type-step wpr-field-group wpr-column wpr-field-group-e4ce50e elementor-repeater-item-e4ce50e\">\n\t\t\t\t\t\t<input type=\"hidden\" class=\"wpr-step-input\" id=form-field-e4ce50e value=>\t\t\t\t\t<\/div>\n\t\t\t\t\t\t\t\t\t<div class=\"wpr-form-field-type-textarea wpr-field-group wpr-column wpr-field-group-message elementor-repeater-item-369e97e\">\n\t\t\t\t\t\t\t\t\t\t\t\t\t\t<label for=\"form-field-message\" class=\"wpr-form-field-label\" data-alt-label=\"Mensaje\">\n\t\t\t\t\t\t\t\t\tMensaje\t\t\t\t\t\t\t\t<\/label>\n\t\t\t\t\t\t\t<textarea class=\"wpr-form-field-textual wpr-form-field \" name=\"form_fields[message]\" id=\"form-field-message\" rows=\"7\" placeholder=\"Descripci\u00f3n\"><\/textarea>\t\t\t\t\t<\/div>\n\t\t\t\t<div class=\"wpr-field-group wpr-stp-btns-wrap wpr-column wpr-form-field-type-submit\" data-actions=\"[&quot;email&quot;]\" data-redirect-url=\"\" data-mailchimp-fields=\"{&quot;email_field&quot;:&quot;&quot;,&quot;first_name_field&quot;:&quot;&quot;,&quot;last_name_field&quot;:&quot;&quot;,&quot;address_field&quot;:&quot;&quot;,&quot;phone_field&quot;:&quot;&quot;,&quot;birthday_field&quot;:&quot;&quot;,&quot;group_id&quot;:&quot;&quot;}\" data-list-id=\"\"><button type=\"button\" class=\"wpr-step-prev\">antes<\/button>\t\t\t<button type=\"submit\" class=\"wpr-button\">\n\t\t\t\t<span >\n\t\t\t\t\t\t\t\t\t\t\t\t\t<span class=\"wpr-align-icon-left elementor-button-icon\">\n\t\t\t<i aria-hidden=\"true\" class=\"far fa-envelope\"><\/i>\t\t\t\t\t\t\t<span class=\"wpr-hidden-element\">Submit<\/span>\n\t\t\t\t\t<\/span>\n\t\t\t\t\t\t\t\t\t\t\t\t\t\t\t\t\t<span>enviar<\/span>\n\t\t\t\t\t\t\t\t\t\t\t\t\t\t<\/span>\t\n\t\t\t\t<div class=\"wpr-double-bounce wpr-loader-hidden\">\n\t\t\t\t\t<div class=\"wpr-child wpr-double-bounce1\"><\/div>\n\t\t\t\t\t<div class=\"wpr-child wpr-double-bounce2\"><\/div>\n\t\t\t\t<\/div>\n\t\t\t<\/button>\n\t\t<\/div><\/div>\t\t\t\t\n\t\t\t<\/div>\n\t\t<\/form>\n\t  \t\t\t\t<\/div>\n\t\t\t\t<\/div>\n\t\t\t\t\t<\/div>\n\t\t<\/div>\n\t\t\t\t\t<\/div>\n\t\t<\/section>\n\t\t\t\t<\/div>\n\t\t","protected":false},"excerpt":{"rendered":"<p>Cont\u00e1ctanos Entra en Contacto con Nosotros! En un mercado tan competitivo como el de la salud, destacarse no es una opci\u00f3n, sino una necesidad. En nuestra empresa, somos especialistas en la creaci\u00f3n y desarrollo de marcas en el \u00e1rea m\u00e9dica, ayudando a nuestros clientes a mejorar su posicionamiento digital y atraer a m\u00e1s pacientes. Trabajamos con las \u00faltimas herramientas tecnol\u00f3gicas para automatizar agendas y procesos, permiti\u00e9ndote dedicar m\u00e1s tiempo a lo que realmente importa: tus pacientes. Adem\u00e1s, utilizamos inteligencia artificial para optimizar la atenci\u00f3n al cliente, logrando respuestas m\u00e1s r\u00e1pidas y personalizadas, lo que mejora la experiencia de tus pacientes y potencia las ventas de tus servicios. Si buscas no solo estar en el mercado, sino dominarlo con una estrategia digital efectiva y automatizada. somos el socio estrat\u00e9gico que necesitas. Trasciende El Potencial De Tu Marca Explora Nuevas Percepciones de Tu Identidad, Cont\u00e1ctanos y trabajemos Juntos Suscr\u00edbete You have been successfully Subscribed! Ops! Something went wrong, please try again. Datos de Contacto 12 Nombre Email antessiguiente Mensaje Previous Submit enviar<\/p>\n","protected":false},"author":1,"featured_media":0,"parent":0,"menu_order":0,"comment_status":"closed","ping_status":"closed","template":"elementor_canvas","meta":{"footnotes":""},"class_list":["post-381","page","type-page","status-publish","hentry"],"_links":{"self":[{"href":"https:\/\/bionicsinnovations.com\/index.php\/wp-json\/wp\/v2\/pages\/381","targetHints":{"allow":["GET"]}}],"collection":[{"href":"https:\/\/bionicsinnovations.com\/index.php\/wp-json\/wp\/v2\/pages"}],"about":[{"href":"https:\/\/bionicsinnovations.com\/index.php\/wp-json\/wp\/v2\/types\/page"}],"author":[{"embeddable":true,"href":"https:\/\/bionicsinnovations.com\/index.php\/wp-json\/wp\/v2\/users\/1"}],"replies":[{"embeddable":true,"href":"https:\/\/bionicsinnovations.com\/index.php\/wp-json\/wp\/v2\/comments?post=381"}],"version-history":[{"count":162,"href":"https:\/\/bionicsinnovations.com\/index.php\/wp-json\/wp\/v2\/pages\/381\/revisions"}],"predecessor-version":[{"id":3886,"href":"https:\/\/bionicsinnovations.com\/index.php\/wp-json\/wp\/v2\/pages\/381\/revisions\/3886"}],"wp:attachment":[{"href":"https:\/\/bionicsinnovations.com\/index.php\/wp-json\/wp\/v2\/media?parent=381"}],"curies":[{"name":"wp","href":"https:\/\/api.w.org\/{rel}","templated":true}]}}