{"id":3,"date":"2023-01-20T15:46:31","date_gmt":"2023-01-20T15:46:31","guid":{"rendered":"https:\/\/bionicsinnovations.com\/?page_id=3"},"modified":"2023-06-07T18:25:35","modified_gmt":"2023-06-07T18:25:35","slug":"politica-privacidad","status":"publish","type":"page","link":"https:\/\/bionicsinnovations.com\/index.php\/politica-privacidad\/","title":{"rendered":"Pol\u00edtica de Privacidad"},"content":{"rendered":"\t\t<div data-elementor-type=\"wp-page\" data-elementor-id=\"3\" class=\"elementor elementor-3\">\n\t\t\t\t\t\t<section class=\"elementor-section elementor-top-section elementor-element elementor-element-4f144141 elementor-section-boxed elementor-section-height-default elementor-section-height-default wpr-particle-no wpr-jarallax-no wpr-parallax-no wpr-sticky-section-no\" data-id=\"4f144141\" data-element_type=\"section\" data-e-type=\"section\">\n\t\t\t\t\t\t<div class=\"elementor-container elementor-column-gap-default\">\n\t\t\t\t\t<div class=\"elementor-column elementor-col-100 elementor-top-column elementor-element elementor-element-49333db7\" data-id=\"49333db7\" data-element_type=\"column\" data-e-type=\"column\">\n\t\t\t<div class=\"elementor-widget-wrap elementor-element-populated\">\n\t\t\t\t\t\t<div class=\"elementor-element elementor-element-74a9111b elementor-widget elementor-widget-text-editor\" data-id=\"74a9111b\" data-element_type=\"widget\" data-e-type=\"widget\" data-widget_type=\"text-editor.default\">\n\t\t\t\t<div class=\"elementor-widget-container\">\n\t\t\t\t\t\t\t\t\t\n<h2 class=\"wp-block-heading\">Qui\u00e9nes somos<\/h2>\n\n\n\n<p><strong><em>Contenido Ilustrado De Otros Sitios:&nbsp; <\/em><\/strong>El Contenido De Este Sitio Web Se Apoya En El Uso De Contenido Ilustrado De Otros Sitios Web, Como Imagenes, Videos O Widgets Para Apliar La Experiencia E Iformacion A La Que Puedes Acceder Como Usuario.&nbsp;<\/p>\n\n\n\n<p>Es De Destacar Que Este Contenido De Terceros Puede Recopilar Datos Sobre Tu Interaccion Con Dicho Contenido, Te Recomendamos Revisar Las Politicas De Privacidad De Estos Sitios Web Externos Para Comprender Como Manejar Tus Datos.&nbsp;<\/p>\n\n\n\n<p>Compartir Tus&nbsp;&nbsp;<\/p>\n\n\n\n<p><strong><em>Compartir Tus Datos Con Terceros<\/em><\/strong>: Valoramos Tu Privacidad Y Nos Comprometemos A Proteger Tus Datos Personales. No Compartiremos Tu Informaci\u00f3n Con Terceros Sin Tu Consentimiento Expl\u00edcito, A Menos Que Estemos Legalmente Obligados A Hacerlo. En Caso De Que Necesitemos Compartir Tus Datos A Terceros Para Brindarte Un Servicio Espec\u00edfico, Te Informaremos Y Obtendremos Tu Consentimiento Antes De Realizarlo.&nbsp;&nbsp;&nbsp;<\/p>\n\n\n\n<p><strong><em>Periodo De Retenci\u00f3n De Datos<\/em><\/strong>: Conservamos Tus Datos Personales Solo Durante El Tiempo Necesario Para Cumplir Con Los Fines Establecidos En Nuestra Pol\u00edtica De Privacidad, A Menos Que Se Requiera Un Periodo De Retenci\u00f3n M\u00e1s Prolongado Por Obligaciones Legales O Regulatorias, Una Vez Cumplido El Prop\u00f3sito Y Plazo Establecido, Eliminaremos O Anonimizaremos Tus Datos De Forma Segura.&nbsp;&nbsp;&nbsp;<\/p>\n\n\n\n<p><strong><em>Medios, Cookies Y Pol\u00edticas De Privacidad<\/em><\/strong>: Nuestro Sitio Web Utiliza Cookies Y Otras Tecnolog\u00edas Similares Para Mejorar Tu Experiencia De Navegaci\u00f3n. Estas Cookies Nos Ayudan A Ofrecerte Contenido Relevante Y Personalizado. Puedes Gestionar Tus Preferencias De Cookies En La Configuraci\u00f3n De Tu Navegador.&nbsp;&nbsp;<\/p>\n\n\n\n<p><strong><em>Seguridad Y Privacidad Del Usuario:<\/em><\/strong> Tu Seguridad Y Privacidad Son Nuestra M\u00e1xima Prioridad. Implementamos Medidas De Seguridad Organizativas Para Proteger Tus Datos Contra El Acceso No Autorizado, El Uso Indebido O La Divulgaci\u00f3n, Nos Comprometemos A Brindarte Transparencia Y Control Sobre Tus Datos Personales, Para Que Puedas Acceder, Corregir O Eliminar Tu Informaci\u00f3n Si As\u00ed Lo Deseas.&nbsp;<\/p>\n\n\n\n<p><strong><em>Requisitos De Privacidad En El Sitio Web&nbsp;<\/em><\/strong>&nbsp;<\/p>\n\n\n\n<p><strong><em>Declaraci\u00f3n De Privacidad:<\/em><\/strong> Es Una Garant\u00eda De Nuestro Compromiso Con La Protecci\u00f3n De Datos Personales.De Manera Transparente Como Recopilamos, Utilizamos, Protegemos Y Compartimos Tu Informaci\u00f3n.&nbsp;<\/p>\n\n\n\n<p><strong><em>Recopilaci\u00f3n Y Uso De Datos De Usuario: <\/em><\/strong>Para Brindarte Una Experiencia Personalizada Y Mejorar Nuestros Servicios Recopilamos Ciertos Datos Cuando Visitas Nuestra P\u00e1gina Web. Estos Datos Pueden Incluir Informaci\u00f3n Demogr\u00e1fica, Como Edad O Ubicaci\u00f3n, As\u00ed, Como Datos De Navegaci\u00f3n, Como P\u00e1ginas Visitadas O Tiempos De Permanencia De En El Sitio. D\u00e1ndole Un Uso A Esos Datos De Manera Segura Y Confidencial.&nbsp;<\/p>\n\n\n\n<h2 class=\"wp-block-heading\">Comentarios<\/h2>\n\n\n\n<p>Cuando los visitantes dejan comentarios en la web, recopilamos los datos que se muestran en el formulario de comentarios, as\u00ed como la direcci\u00f3n IP del visitante y la cadena de agentes de usuario del navegador para ayudar a la detecci\u00f3n de spam.<\/p>\n\n\n\n<p>Una cadena an\u00f3nima creada a partir de tu direcci\u00f3n de correo electr\u00f3nico (tambi\u00e9n llamada hash) puede ser proporcionada al servicio de Gravatar para ver si la est\u00e1s usando. La pol\u00edtica de privacidad del servicio Gravatar est\u00e1 disponible aqu\u00ed: https:\/\/automattic.com\/privacy\/. Despu\u00e9s de la aprobaci\u00f3n de tu comentario, la imagen de tu perfil es visible para el p\u00fablico en el contexto de tu comentario.<\/p>\n\n\n\n<h2 class=\"wp-block-heading\">Medios<\/h2>\n\n\n\n<p>Si subes im\u00e1genes a la web, deber\u00edas evitar subir im\u00e1genes con datos de ubicaci\u00f3n (GPS EXIF) incluidos. Los visitantes de la web pueden descargar y extraer cualquier dato de ubicaci\u00f3n de las im\u00e1genes de la web.<\/p>\n\n\n\n<h2 class=\"wp-block-heading\">Cookies<\/h2>\n\n\n\n<p>Si dejas un comentario en nuestro sitio puedes elegir guardar tu nombre, direcci\u00f3n de correo electr\u00f3nico y web en cookies. Esto es para tu comodidad, para que no tengas que volver a rellenar tus datos cuando dejes otro comentario. Estas cookies tendr\u00e1n una duraci\u00f3n de un a\u00f1o.<\/p>\n\n\n\n<p>Si tienes una cuenta y te conectas a este sitio, instalaremos una cookie temporal para determinar si tu navegador acepta cookies. Esta cookie no contiene datos personales y se elimina al cerrar el navegador.<\/p>\n\n\n\n<p>Cuando accedas, tambi\u00e9n instalaremos varias cookies para guardar tu informaci\u00f3n de acceso y tus opciones de visualizaci\u00f3n de pantalla. Las cookies de acceso duran dos d\u00edas, y las cookies de opciones de pantalla duran un a\u00f1o. Si seleccionas \u00abRecu\u00e9rdarme\u00bb, tu acceso perdurar\u00e1 durante dos semanas. Si sales de tu cuenta, las cookies de acceso se eliminar\u00e1n.<\/p>\n\n\n\n<p>Si editas o publicas un art\u00edculo se guardar\u00e1 una cookie adicional en tu navegador. Esta cookie no incluye datos personales y simplemente indica el ID del art\u00edculo que acabas de editar. Caduca despu\u00e9s de 1 d\u00eda.<\/p>\n\n\n\n<h2 class=\"wp-block-heading\">Contenido incrustado de otros sitios web<\/h2>\n\n\n\n<p>Los art\u00edculos de este sitio pueden incluir contenido incrustado (por ejemplo, v\u00eddeos, im\u00e1genes, art\u00edculos, etc.). El contenido incrustado de otras webs se comporta exactamente de la misma manera que si el visitante hubiera visitado la otra web.<\/p>\n\n\n\n<p>Estas web pueden recopilar datos sobre ti, utilizar cookies, incrustar un seguimiento adicional de terceros, y supervisar tu interacci\u00f3n con ese contenido incrustado, incluido el seguimiento de tu interacci\u00f3n con el contenido incrustado si tienes una cuenta y est\u00e1s conectado a esa web.<\/p>\n\n\n\n<h2 class=\"wp-block-heading\">Con qui\u00e9n compartimos tus datos<\/h2>\n\n\n\n<p>Si solicitas un restablecimiento de contrase\u00f1a, tu direcci\u00f3n IP ser\u00e1 incluida en el correo electr\u00f3nico de restablecimiento.<\/p>\n\n\n\n<h2 class=\"wp-block-heading\">Cu\u00e1nto tiempo conservamos tus datos<\/h2>\n\n\n\n<p>Si dejas un comentario, el comentario y sus metadatos se conservan indefinidamente. Esto es para que podamos reconocer y aprobar comentarios sucesivos autom\u00e1ticamente, en lugar de mantenerlos en una cola de moderaci\u00f3n.<\/p>\n\n\n\n<p>De los usuarios que se registran en nuestra web (si los hay), tambi\u00e9n almacenamos la informaci\u00f3n personal que proporcionan en su perfil de usuario. Todos los usuarios pueden ver, editar o eliminar su informaci\u00f3n personal en cualquier momento (excepto que no pueden cambiar su nombre de usuario). Los administradores de la web tambi\u00e9n pueden ver y editar esa informaci\u00f3n.<\/p>\n\n\n\n<h2 class=\"wp-block-heading\">Qu\u00e9 derechos tienes sobre tus datos<\/h2>\n\n\n\n<p>Si tienes una cuenta o has dejado comentarios en esta web, puedes solicitar recibir un archivo de exportaci\u00f3n de los datos personales que tenemos sobre ti, incluyendo cualquier dato que nos hayas proporcionado. Tambi\u00e9n puedes solicitar que eliminemos cualquier dato personal que tengamos sobre ti. Esto no incluye ning\u00fan dato que estemos obligados a conservar con fines administrativos, legales o de seguridad.<\/p>\n\n\n\n<h2 class=\"wp-block-heading\">D\u00f3nde se env\u00edan tus datos<\/h2>\n\n\n\n<p>Los comentarios de los visitantes puede que los revise un servicio de detecci\u00f3n autom\u00e1tica de spam.<\/p>\n\t\t\t\t\t\t\t\t<\/div>\n\t\t\t\t<\/div>\n\t\t\t\t\t<\/div>\n\t\t<\/div>\n\t\t\t\t\t<\/div>\n\t\t<\/section>\n\t\t\t\t<\/div>\n\t\t","protected":false},"excerpt":{"rendered":"<p>Qui\u00e9nes somos Contenido Ilustrado De Otros Sitios:&nbsp; El Contenido De Este Sitio Web Se Apoya En El Uso De Contenido Ilustrado De Otros Sitios Web, Como Imagenes, Videos O Widgets Para Apliar La Experiencia E Iformacion A La Que Puedes Acceder Como Usuario.&nbsp; Es De Destacar Que Este Contenido De Terceros Puede Recopilar Datos Sobre Tu Interaccion Con Dicho Contenido, Te Recomendamos Revisar Las Politicas De Privacidad De Estos Sitios Web Externos Para Comprender Como Manejar Tus Datos.&nbsp; Compartir Tus&nbsp;&nbsp; Compartir Tus Datos Con Terceros: Valoramos Tu Privacidad Y Nos Comprometemos A Proteger Tus Datos Personales. No Compartiremos Tu Informaci\u00f3n Con Terceros Sin Tu Consentimiento Expl\u00edcito, A Menos Que Estemos Legalmente Obligados A Hacerlo. En Caso De Que Necesitemos Compartir Tus Datos A Terceros Para Brindarte Un Servicio Espec\u00edfico, Te Informaremos Y Obtendremos Tu Consentimiento Antes De Realizarlo.&nbsp;&nbsp;&nbsp; Periodo De Retenci\u00f3n De Datos: Conservamos Tus Datos Personales Solo Durante El Tiempo Necesario Para Cumplir Con Los Fines Establecidos En Nuestra Pol\u00edtica De Privacidad, A Menos Que Se Requiera Un Periodo De Retenci\u00f3n M\u00e1s Prolongado Por Obligaciones Legales O Regulatorias, Una Vez Cumplido El Prop\u00f3sito Y Plazo Establecido, Eliminaremos O Anonimizaremos Tus Datos De Forma Segura.&nbsp;&nbsp;&nbsp; Medios, Cookies Y Pol\u00edticas De Privacidad: Nuestro Sitio Web Utiliza Cookies Y Otras Tecnolog\u00edas Similares Para Mejorar Tu Experiencia De Navegaci\u00f3n. Estas Cookies Nos Ayudan A Ofrecerte Contenido Relevante Y Personalizado. Puedes Gestionar Tus Preferencias De Cookies En La Configuraci\u00f3n De Tu Navegador.&nbsp;&nbsp; Seguridad Y Privacidad Del Usuario: Tu Seguridad Y Privacidad Son Nuestra M\u00e1xima Prioridad. Implementamos Medidas De Seguridad Organizativas Para Proteger Tus Datos Contra El Acceso No Autorizado, El Uso Indebido O La Divulgaci\u00f3n, Nos Comprometemos A Brindarte Transparencia Y Control Sobre Tus Datos Personales, Para Que Puedas Acceder, Corregir O Eliminar Tu Informaci\u00f3n Si As\u00ed Lo Deseas.&nbsp; Requisitos De Privacidad En El Sitio Web&nbsp;&nbsp; Declaraci\u00f3n De Privacidad: Es Una Garant\u00eda De Nuestro Compromiso Con La Protecci\u00f3n De Datos Personales.De Manera Transparente Como Recopilamos, Utilizamos, Protegemos Y Compartimos Tu Informaci\u00f3n.&nbsp; Recopilaci\u00f3n Y Uso De Datos De Usuario: Para Brindarte Una Experiencia Personalizada Y Mejorar Nuestros Servicios Recopilamos Ciertos Datos Cuando Visitas Nuestra P\u00e1gina Web. Estos Datos Pueden Incluir Informaci\u00f3n Demogr\u00e1fica, Como Edad O Ubicaci\u00f3n, As\u00ed, Como Datos De Navegaci\u00f3n, Como P\u00e1ginas Visitadas O Tiempos De Permanencia De En El Sitio. D\u00e1ndole Un Uso A Esos Datos De Manera Segura Y Confidencial.&nbsp; Comentarios Cuando los visitantes dejan comentarios en la web, recopilamos los datos que se muestran en el formulario de comentarios, as\u00ed como la direcci\u00f3n IP del visitante y la cadena de agentes de usuario del navegador para ayudar a la detecci\u00f3n de spam. Una cadena an\u00f3nima creada a partir de tu direcci\u00f3n de correo electr\u00f3nico (tambi\u00e9n llamada hash) puede ser proporcionada al servicio de Gravatar para ver si la est\u00e1s usando. La pol\u00edtica de privacidad del servicio Gravatar est\u00e1 disponible aqu\u00ed: https:\/\/automattic.com\/privacy\/. Despu\u00e9s de la aprobaci\u00f3n de tu comentario, la imagen de tu perfil es visible para el p\u00fablico en el contexto de tu comentario. Medios Si subes im\u00e1genes a la web, deber\u00edas evitar subir im\u00e1genes con datos de ubicaci\u00f3n (GPS EXIF) incluidos. Los visitantes de la web pueden descargar y extraer cualquier dato de ubicaci\u00f3n de las im\u00e1genes de la web. Cookies Si dejas un comentario en nuestro sitio puedes elegir guardar tu nombre, direcci\u00f3n de correo electr\u00f3nico y web en cookies. Esto es para tu comodidad, para que no tengas que volver a rellenar tus datos cuando dejes otro comentario. Estas cookies tendr\u00e1n una duraci\u00f3n de un a\u00f1o. Si tienes una cuenta y te conectas a este sitio, instalaremos una cookie temporal para determinar si tu navegador acepta cookies. Esta cookie no contiene datos personales y se elimina al cerrar el navegador. Cuando accedas, tambi\u00e9n instalaremos varias cookies para guardar tu informaci\u00f3n de acceso y tus opciones de visualizaci\u00f3n de pantalla. Las cookies de acceso duran dos d\u00edas, y las cookies de opciones de pantalla duran un a\u00f1o. Si seleccionas \u00abRecu\u00e9rdarme\u00bb, tu acceso perdurar\u00e1 durante dos semanas. Si sales de tu cuenta, las cookies de acceso se eliminar\u00e1n. Si editas o publicas un art\u00edculo se guardar\u00e1 una cookie adicional en tu navegador. Esta cookie no incluye datos personales y simplemente indica el ID del art\u00edculo que acabas de editar. Caduca despu\u00e9s de 1 d\u00eda. Contenido incrustado de otros sitios web Los art\u00edculos de este sitio pueden incluir contenido incrustado (por ejemplo, v\u00eddeos, im\u00e1genes, art\u00edculos, etc.). El contenido incrustado de otras webs se comporta exactamente de la misma manera que si el visitante hubiera visitado la otra web. Estas web pueden recopilar datos sobre ti, utilizar cookies, incrustar un seguimiento adicional de terceros, y supervisar tu interacci\u00f3n con ese contenido incrustado, incluido el seguimiento de tu interacci\u00f3n con el contenido incrustado si tienes una cuenta y est\u00e1s conectado a esa web. Con qui\u00e9n compartimos tus datos Si solicitas un restablecimiento de contrase\u00f1a, tu direcci\u00f3n IP ser\u00e1 incluida en el correo electr\u00f3nico de restablecimiento. Cu\u00e1nto tiempo conservamos tus datos Si dejas un comentario, el comentario y sus metadatos se conservan indefinidamente. Esto es para que podamos reconocer y aprobar comentarios sucesivos autom\u00e1ticamente, en lugar de mantenerlos en una cola de moderaci\u00f3n. De los usuarios que se registran en nuestra web (si los hay), tambi\u00e9n almacenamos la informaci\u00f3n personal que proporcionan en su perfil de usuario. Todos los usuarios pueden ver, editar o eliminar su informaci\u00f3n personal en cualquier momento (excepto que no pueden cambiar su nombre de usuario). Los administradores de la web tambi\u00e9n pueden ver y editar esa informaci\u00f3n. Qu\u00e9 derechos tienes sobre tus datos Si tienes una cuenta o has dejado comentarios en esta web, puedes solicitar recibir un archivo de exportaci\u00f3n de los datos personales que tenemos sobre ti, incluyendo cualquier dato que nos hayas proporcionado. Tambi\u00e9n puedes solicitar que eliminemos cualquier dato personal que tengamos sobre ti. Esto no incluye ning\u00fan dato que estemos obligados a conservar con fines administrativos, legales o de seguridad. D\u00f3nde se env\u00edan tus datos Los comentarios de los visitantes puede que los revise un servicio de detecci\u00f3n autom\u00e1tica de spam.<\/p>\n","protected":false},"author":1,"featured_media":0,"parent":0,"menu_order":0,"comment_status":"closed","ping_status":"closed","template":"","meta":{"footnotes":""},"class_list":["post-3","page","type-page","status-publish","hentry"],"_links":{"self":[{"href":"https:\/\/bionicsinnovations.com\/index.php\/wp-json\/wp\/v2\/pages\/3","targetHints":{"allow":["GET"]}}],"collection":[{"href":"https:\/\/bionicsinnovations.com\/index.php\/wp-json\/wp\/v2\/pages"}],"about":[{"href":"https:\/\/bionicsinnovations.com\/index.php\/wp-json\/wp\/v2\/types\/page"}],"author":[{"embeddable":true,"href":"https:\/\/bionicsinnovations.com\/index.php\/wp-json\/wp\/v2\/users\/1"}],"replies":[{"embeddable":true,"href":"https:\/\/bionicsinnovations.com\/index.php\/wp-json\/wp\/v2\/comments?post=3"}],"version-history":[{"count":6,"href":"https:\/\/bionicsinnovations.com\/index.php\/wp-json\/wp\/v2\/pages\/3\/revisions"}],"predecessor-version":[{"id":2726,"href":"https:\/\/bionicsinnovations.com\/index.php\/wp-json\/wp\/v2\/pages\/3\/revisions\/2726"}],"wp:attachment":[{"href":"https:\/\/bionicsinnovations.com\/index.php\/wp-json\/wp\/v2\/media?parent=3"}],"curies":[{"name":"wp","href":"https:\/\/api.w.org\/{rel}","templated":true}]}}